{"id":210,"date":"2024-11-05T12:47:59","date_gmt":"2024-11-05T12:47:59","guid":{"rendered":"https:\/\/junior1.ib6.pt\/?page_id=210"},"modified":"2024-11-06T12:56:33","modified_gmt":"2024-11-06T12:56:33","slug":"xbox-series","status":"publish","type":"page","link":"https:\/\/junior1.ib6.pt\/index.php\/xbox-series\/","title":{"rendered":"XBOX SERIES"},"content":{"rendered":"\t\t<div data-elementor-type=\"wp-page\" data-elementor-id=\"210\" class=\"elementor elementor-210\" data-elementor-post-type=\"page\">\n\t\t\t\t<div class=\"elementor-element elementor-element-6d3f1c8 e-flex e-con-boxed e-con e-parent\" data-id=\"6d3f1c8\" data-element_type=\"container\">\n\t\t\t\t\t<div class=\"e-con-inner\">\n\t\t\t\t<div class=\"elementor-element elementor-element-cf6914a elementor-widget elementor-widget-text-editor\" data-id=\"cf6914a\" data-element_type=\"widget\" data-widget_type=\"text-editor.default\">\n\t\t\t\t<div class=\"elementor-widget-container\">\n\t\t\t\t\t\t\t<h3><strong>Xbox Series<\/strong><\/h3><p><strong>Prepare-se para o Futuro com o Xbox Series<\/strong><br \/><strong>O Xbox Series X e S redefinem o que \u00e9 poss\u00edvel nos jogos de console. Com gr\u00e1ficos de tirar o f\u00f4lego, tempos de carregamento quase inexistentes e um desempenho sem igual, a nova gera\u00e7\u00e3o de Xbox est\u00e1 pronta para levar sua experi\u00eancia de jogo ao pr\u00f3ximo n\u00edvel. Descubra os jogos otimizados para tirar o m\u00e1ximo proveito dessas m\u00e1quinas incr\u00edveis.<\/strong><\/p><p><strong>Voc\u00ea pode usar esses textos como base para cada se\u00e7\u00e3o do seu site. Se precisar de mais ajustes ou de conte\u00fado adicional, \u00e9 s\u00f3 pedir!<\/strong><\/p>\t\t\t\t\t\t<\/div>\n\t\t\t\t<\/div>\n\t\t\t\t\t<\/div>\n\t\t\t\t<\/div>\n\t\t<div class=\"elementor-element elementor-element-871988a e-flex e-con-boxed e-con e-parent\" data-id=\"871988a\" data-element_type=\"container\">\n\t\t\t\t\t<div class=\"e-con-inner\">\n\t\t\t\t<div class=\"elementor-element elementor-element-e510b70 elementor-widget elementor-widget-image\" data-id=\"e510b70\" data-element_type=\"widget\" data-widget_type=\"image.default\">\n\t\t\t\t<div class=\"elementor-widget-container\">\n\t\t\t\t\t\t\t\t\t\t\t\t\t<img fetchpriority=\"high\" decoding=\"async\" width=\"640\" height=\"640\" src=\"https:\/\/junior1.ib6.pt\/wp-content\/uploads\/2024\/11\/xbox-series.webp\" class=\"attachment-large size-large wp-image-319\" alt=\"\" srcset=\"https:\/\/junior1.ib6.pt\/wp-content\/uploads\/2024\/11\/xbox-series.webp 640w, https:\/\/junior1.ib6.pt\/wp-content\/uploads\/2024\/11\/xbox-series-300x300.webp 300w, https:\/\/junior1.ib6.pt\/wp-content\/uploads\/2024\/11\/xbox-series-150x150.webp 150w, https:\/\/junior1.ib6.pt\/wp-content\/uploads\/2024\/11\/xbox-series-600x600.webp 600w, https:\/\/junior1.ib6.pt\/wp-content\/uploads\/2024\/11\/xbox-series-100x100.webp 100w\" sizes=\"(max-width: 640px) 100vw, 640px\" \/>\t\t\t\t\t\t\t\t\t\t\t\t\t<\/div>\n\t\t\t\t<\/div>\n\t\t\t\t\t<\/div>\n\t\t\t\t<\/div>\n\t\t\t\t<\/div>\n\t\t","protected":false},"excerpt":{"rendered":"<p>Xbox Series Prepare-se para o Futuro com o Xbox SeriesO Xbox Series X e S redefinem o que \u00e9 poss\u00edvel [&hellip;]<\/p>\n","protected":false},"author":1,"featured_media":0,"parent":0,"menu_order":0,"comment_status":"closed","ping_status":"closed","template":"","meta":{"site-sidebar-layout":"no-sidebar","site-content-layout":"","ast-site-content-layout":"full-width-container","site-content-style":"default","site-sidebar-style":"default","ast-global-header-display":"","ast-banner-title-visibility":"","ast-main-header-display":"","ast-hfb-above-header-display":"","ast-hfb-below-header-display":"","ast-hfb-mobile-header-display":"","site-post-title":"disabled","ast-breadcrumbs-content":"","ast-featured-img":"disabled","footer-sml-layout":"","theme-transparent-header-meta":"","adv-header-id-meta":"","stick-header-meta":"","header-above-stick-meta":"","header-main-stick-meta":"","header-below-stick-meta":"","astra-migrate-meta-layouts":"default","ast-page-background-enabled":"default","ast-page-background-meta":{"desktop":{"background-color":"var(--ast-global-color-4)","background-image":"","background-repeat":"repeat","background-position":"center center","background-size":"auto","background-attachment":"scroll","background-type":"","background-media":"","overlay-type":"","overlay-color":"","overlay-opacity":"","overlay-gradient":""},"tablet":{"background-color":"","background-image":"","background-repeat":"repeat","background-position":"center center","background-size":"auto","background-attachment":"scroll","background-type":"","background-media":"","overlay-type":"","overlay-color":"","overlay-opacity":"","overlay-gradient":""},"mobile":{"background-color":"","background-image":"","background-repeat":"repeat","background-position":"center center","background-size":"auto","background-attachment":"scroll","background-type":"","background-media":"","overlay-type":"","overlay-color":"","overlay-opacity":"","overlay-gradient":""}},"ast-content-background-meta":{"desktop":{"background-color":"var(--ast-global-color-5)","background-image":"","background-repeat":"repeat","background-position":"center center","background-size":"auto","background-attachment":"scroll","background-type":"","background-media":"","overlay-type":"","overlay-color":"","overlay-opacity":"","overlay-gradient":""},"tablet":{"background-color":"var(--ast-global-color-5)","background-image":"","background-repeat":"repeat","background-position":"center center","background-size":"auto","background-attachment":"scroll","background-type":"","background-media":"","overlay-type":"","overlay-color":"","overlay-opacity":"","overlay-gradient":""},"mobile":{"background-color":"var(--ast-global-color-5)","background-image":"","background-repeat":"repeat","background-position":"center center","background-size":"auto","background-attachment":"scroll","background-type":"","background-media":"","overlay-type":"","overlay-color":"","overlay-opacity":"","overlay-gradient":""}},"footnotes":""},"class_list":["post-210","page","type-page","status-publish","hentry"],"_links":{"self":[{"href":"https:\/\/junior1.ib6.pt\/index.php\/wp-json\/wp\/v2\/pages\/210"}],"collection":[{"href":"https:\/\/junior1.ib6.pt\/index.php\/wp-json\/wp\/v2\/pages"}],"about":[{"href":"https:\/\/junior1.ib6.pt\/index.php\/wp-json\/wp\/v2\/types\/page"}],"author":[{"embeddable":true,"href":"https:\/\/junior1.ib6.pt\/index.php\/wp-json\/wp\/v2\/users\/1"}],"replies":[{"embeddable":true,"href":"https:\/\/junior1.ib6.pt\/index.php\/wp-json\/wp\/v2\/comments?post=210"}],"version-history":[{"count":19,"href":"https:\/\/junior1.ib6.pt\/index.php\/wp-json\/wp\/v2\/pages\/210\/revisions"}],"predecessor-version":[{"id":370,"href":"https:\/\/junior1.ib6.pt\/index.php\/wp-json\/wp\/v2\/pages\/210\/revisions\/370"}],"wp:attachment":[{"href":"https:\/\/junior1.ib6.pt\/index.php\/wp-json\/wp\/v2\/media?parent=210"}],"curies":[{"name":"wp","href":"https:\/\/api.w.org\/{rel}","templated":true}]}}