{"id":192,"date":"2024-11-05T12:39:32","date_gmt":"2024-11-05T12:39:32","guid":{"rendered":"https:\/\/junior1.ib6.pt\/?page_id=192"},"modified":"2024-11-06T12:17:55","modified_gmt":"2024-11-06T12:17:55","slug":"ps4","status":"publish","type":"page","link":"https:\/\/junior1.ib6.pt\/index.php\/ps4\/","title":{"rendered":"PS4"},"content":{"rendered":"\t\t<div data-elementor-type=\"wp-page\" data-elementor-id=\"192\" class=\"elementor elementor-192\" data-elementor-post-type=\"page\">\n\t\t\t\t<div class=\"elementor-element elementor-element-520dd05 e-flex e-con-boxed e-con e-parent\" data-id=\"520dd05\" data-element_type=\"container\">\n\t\t\t\t\t<div class=\"e-con-inner\">\n\t\t\t\t<div class=\"elementor-element elementor-element-6468d5a elementor-widget elementor-widget-text-editor\" data-id=\"6468d5a\" data-element_type=\"widget\" data-widget_type=\"text-editor.default\">\n\t\t\t\t<div class=\"elementor-widget-container\">\n\t\t\t\t\t\t\t<h3><strong>PS4<\/strong><\/h3><p><strong>Descubra os Melhores Jogos para PS4<\/strong><br \/><strong>O PlayStation 4 continua a ser uma plataforma incr\u00edvel para gamers de todas as idades. Com uma biblioteca vasta e diversificada, voc\u00ea encontrar\u00e1 desde aventuras \u00e9picas at\u00e9 jogos de esporte e a\u00e7\u00e3o. N\u00e3o perca nossos destaques e mantenha-se atualizado com os \u00faltimos lan\u00e7amentos.<\/strong><\/p>\t\t\t\t\t\t<\/div>\n\t\t\t\t<\/div>\n\t\t\t\t<div class=\"elementor-element elementor-element-df82b98 elementor-widget elementor-widget-image\" data-id=\"df82b98\" data-element_type=\"widget\" data-widget_type=\"image.default\">\n\t\t\t\t<div class=\"elementor-widget-container\">\n\t\t\t\t\t\t\t\t\t\t\t\t\t<img fetchpriority=\"high\" decoding=\"async\" width=\"640\" height=\"427\" src=\"https:\/\/junior1.ib6.pt\/wp-content\/uploads\/2024\/11\/ps4-minha-loja.jpg\" class=\"attachment-large size-large wp-image-306\" alt=\"\" srcset=\"https:\/\/junior1.ib6.pt\/wp-content\/uploads\/2024\/11\/ps4-minha-loja.jpg 640w, https:\/\/junior1.ib6.pt\/wp-content\/uploads\/2024\/11\/ps4-minha-loja-300x200.jpg 300w, https:\/\/junior1.ib6.pt\/wp-content\/uploads\/2024\/11\/ps4-minha-loja-600x400.jpg 600w\" sizes=\"(max-width: 640px) 100vw, 640px\" \/>\t\t\t\t\t\t\t\t\t\t\t\t\t<\/div>\n\t\t\t\t<\/div>\n\t\t\t\t\t<\/div>\n\t\t\t\t<\/div>\n\t\t\t\t<\/div>\n\t\t","protected":false},"excerpt":{"rendered":"<p>PS4 Descubra os Melhores Jogos para PS4O PlayStation 4 continua a ser uma plataforma incr\u00edvel para gamers de todas as [&hellip;]<\/p>\n","protected":false},"author":1,"featured_media":0,"parent":0,"menu_order":0,"comment_status":"closed","ping_status":"closed","template":"","meta":{"site-sidebar-layout":"no-sidebar","site-content-layout":"","ast-site-content-layout":"full-width-container","site-content-style":"default","site-sidebar-style":"default","ast-global-header-display":"","ast-banner-title-visibility":"","ast-main-header-display":"","ast-hfb-above-header-display":"","ast-hfb-below-header-display":"","ast-hfb-mobile-header-display":"","site-post-title":"disabled","ast-breadcrumbs-content":"","ast-featured-img":"disabled","footer-sml-layout":"","theme-transparent-header-meta":"","adv-header-id-meta":"","stick-header-meta":"","header-above-stick-meta":"","header-main-stick-meta":"","header-below-stick-meta":"","astra-migrate-meta-layouts":"default","ast-page-background-enabled":"default","ast-page-background-meta":{"desktop":{"background-color":"var(--ast-global-color-4)","background-image":"","background-repeat":"repeat","background-position":"center center","background-size":"auto","background-attachment":"scroll","background-type":"","background-media":"","overlay-type":"","overlay-color":"","overlay-opacity":"","overlay-gradient":""},"tablet":{"background-color":"","background-image":"","background-repeat":"repeat","background-position":"center center","background-size":"auto","background-attachment":"scroll","background-type":"","background-media":"","overlay-type":"","overlay-color":"","overlay-opacity":"","overlay-gradient":""},"mobile":{"background-color":"","background-image":"","background-repeat":"repeat","background-position":"center center","background-size":"auto","background-attachment":"scroll","background-type":"","background-media":"","overlay-type":"","overlay-color":"","overlay-opacity":"","overlay-gradient":""}},"ast-content-background-meta":{"desktop":{"background-color":"var(--ast-global-color-5)","background-image":"","background-repeat":"repeat","background-position":"center center","background-size":"auto","background-attachment":"scroll","background-type":"","background-media":"","overlay-type":"","overlay-color":"","overlay-opacity":"","overlay-gradient":""},"tablet":{"background-color":"var(--ast-global-color-5)","background-image":"","background-repeat":"repeat","background-position":"center center","background-size":"auto","background-attachment":"scroll","background-type":"","background-media":"","overlay-type":"","overlay-color":"","overlay-opacity":"","overlay-gradient":""},"mobile":{"background-color":"var(--ast-global-color-5)","background-image":"","background-repeat":"repeat","background-position":"center center","background-size":"auto","background-attachment":"scroll","background-type":"","background-media":"","overlay-type":"","overlay-color":"","overlay-opacity":"","overlay-gradient":""}},"footnotes":""},"class_list":["post-192","page","type-page","status-publish","hentry"],"_links":{"self":[{"href":"https:\/\/junior1.ib6.pt\/index.php\/wp-json\/wp\/v2\/pages\/192"}],"collection":[{"href":"https:\/\/junior1.ib6.pt\/index.php\/wp-json\/wp\/v2\/pages"}],"about":[{"href":"https:\/\/junior1.ib6.pt\/index.php\/wp-json\/wp\/v2\/types\/page"}],"author":[{"embeddable":true,"href":"https:\/\/junior1.ib6.pt\/index.php\/wp-json\/wp\/v2\/users\/1"}],"replies":[{"embeddable":true,"href":"https:\/\/junior1.ib6.pt\/index.php\/wp-json\/wp\/v2\/comments?post=192"}],"version-history":[{"count":19,"href":"https:\/\/junior1.ib6.pt\/index.php\/wp-json\/wp\/v2\/pages\/192\/revisions"}],"predecessor-version":[{"id":358,"href":"https:\/\/junior1.ib6.pt\/index.php\/wp-json\/wp\/v2\/pages\/192\/revisions\/358"}],"wp:attachment":[{"href":"https:\/\/junior1.ib6.pt\/index.php\/wp-json\/wp\/v2\/media?parent=192"}],"curies":[{"name":"wp","href":"https:\/\/api.w.org\/{rel}","templated":true}]}}