{"id":173,"date":"2024-11-05T12:31:43","date_gmt":"2024-11-05T12:31:43","guid":{"rendered":"https:\/\/junior1.ib6.pt\/?page_id=173"},"modified":"2024-11-06T12:53:52","modified_gmt":"2024-11-06T12:53:52","slug":"game-store","status":"publish","type":"page","link":"https:\/\/junior1.ib6.pt\/","title":{"rendered":"GAME STORE"},"content":{"rendered":"\t\t<div data-elementor-type=\"wp-page\" data-elementor-id=\"173\" class=\"elementor elementor-173\" data-elementor-post-type=\"page\">\n\t\t\t\t<div class=\"elementor-element elementor-element-22d2c14 e-flex e-con-boxed e-con e-parent\" data-id=\"22d2c14\" data-element_type=\"container\">\n\t\t\t\t\t<div class=\"e-con-inner\">\n\t\t\t\t<div class=\"elementor-element elementor-element-820647e elementor-widget elementor-widget-text-editor\" data-id=\"820647e\" data-element_type=\"widget\" data-widget_type=\"text-editor.default\">\n\t\t\t\t<div class=\"elementor-widget-container\">\n\t\t\t\t\t\t\t<p><strong>Seja bem-vindo \u00e0 Game Store! <\/strong><\/p><p>Na Game Store, voc\u00ea encontra tudo o que precisa para uma experi\u00eancia de jogo inesquec\u00edvel. Desde os \u00faltimos lan\u00e7amentos at\u00e9 cl\u00e1ssicos atemporais, oferecemos uma vasta sele\u00e7\u00e3o de jogos, consoles e acess\u00f3rios. Explore nossas promo\u00e7\u00f5es e descubra ofertas exclusivas que tornar\u00e3o sua jogatina ainda mais emocionante.<\/p>\t\t\t\t\t\t<\/div>\n\t\t\t\t<\/div>\n\t\t\t\t\t<\/div>\n\t\t\t\t<\/div>\n\t\t<div class=\"elementor-element elementor-element-7dc8df0 e-flex e-con-boxed e-con e-parent\" data-id=\"7dc8df0\" data-element_type=\"container\">\n\t\t\t\t\t<div class=\"e-con-inner\">\n\t\t\t\t<div class=\"elementor-element elementor-element-3d30049 elementor-widget elementor-widget-image\" data-id=\"3d30049\" data-element_type=\"widget\" data-widget_type=\"image.default\">\n\t\t\t\t<div class=\"elementor-widget-container\">\n\t\t\t\t\t\t\t\t\t\t\t\t\t<img fetchpriority=\"high\" decoding=\"async\" width=\"785\" height=\"440\" src=\"https:\/\/junior1.ib6.pt\/wp-content\/uploads\/2024\/11\/PC-Build-Vs-PS5.jpg\" class=\"attachment-large size-large wp-image-330\" alt=\"\" srcset=\"https:\/\/junior1.ib6.pt\/wp-content\/uploads\/2024\/11\/PC-Build-Vs-PS5.jpg 785w, https:\/\/junior1.ib6.pt\/wp-content\/uploads\/2024\/11\/PC-Build-Vs-PS5-300x168.jpg 300w, https:\/\/junior1.ib6.pt\/wp-content\/uploads\/2024\/11\/PC-Build-Vs-PS5-768x430.jpg 768w, https:\/\/junior1.ib6.pt\/wp-content\/uploads\/2024\/11\/PC-Build-Vs-PS5-600x336.jpg 600w\" sizes=\"(max-width: 785px) 100vw, 785px\" \/>\t\t\t\t\t\t\t\t\t\t\t\t\t<\/div>\n\t\t\t\t<\/div>\n\t\t\t\t\t<\/div>\n\t\t\t\t<\/div>\n\t\t\t\t<\/div>\n\t\t","protected":false},"excerpt":{"rendered":"<p>Seja bem-vindo \u00e0 Game Store! Na Game Store, voc\u00ea encontra tudo o que precisa para uma experi\u00eancia de jogo inesquec\u00edvel. [&hellip;]<\/p>\n","protected":false},"author":1,"featured_media":0,"parent":0,"menu_order":0,"comment_status":"closed","ping_status":"closed","template":"","meta":{"site-sidebar-layout":"no-sidebar","site-content-layout":"","ast-site-content-layout":"full-width-container","site-content-style":"default","site-sidebar-style":"default","ast-global-header-display":"","ast-banner-title-visibility":"","ast-main-header-display":"","ast-hfb-above-header-display":"","ast-hfb-below-header-display":"","ast-hfb-mobile-header-display":"","site-post-title":"disabled","ast-breadcrumbs-content":"","ast-featured-img":"disabled","footer-sml-layout":"","theme-transparent-header-meta":"","adv-header-id-meta":"","stick-header-meta":"","header-above-stick-meta":"","header-main-stick-meta":"","header-below-stick-meta":"","astra-migrate-meta-layouts":"default","ast-page-background-enabled":"default","ast-page-background-meta":{"desktop":{"background-color":"var(--ast-global-color-4)","background-image":"","background-repeat":"repeat","background-position":"center center","background-size":"auto","background-attachment":"scroll","background-type":"","background-media":"","overlay-type":"","overlay-color":"","overlay-opacity":"","overlay-gradient":""},"tablet":{"background-color":"","background-image":"","background-repeat":"repeat","background-position":"center center","background-size":"auto","background-attachment":"scroll","background-type":"","background-media":"","overlay-type":"","overlay-color":"","overlay-opacity":"","overlay-gradient":""},"mobile":{"background-color":"","background-image":"","background-repeat":"repeat","background-position":"center center","background-size":"auto","background-attachment":"scroll","background-type":"","background-media":"","overlay-type":"","overlay-color":"","overlay-opacity":"","overlay-gradient":""}},"ast-content-background-meta":{"desktop":{"background-color":"var(--ast-global-color-5)","background-image":"","background-repeat":"repeat","background-position":"center center","background-size":"auto","background-attachment":"scroll","background-type":"","background-media":"","overlay-type":"","overlay-color":"","overlay-opacity":"","overlay-gradient":""},"tablet":{"background-color":"var(--ast-global-color-5)","background-image":"","background-repeat":"repeat","background-position":"center center","background-size":"auto","background-attachment":"scroll","background-type":"","background-media":"","overlay-type":"","overlay-color":"","overlay-opacity":"","overlay-gradient":""},"mobile":{"background-color":"var(--ast-global-color-5)","background-image":"","background-repeat":"repeat","background-position":"center center","background-size":"auto","background-attachment":"scroll","background-type":"","background-media":"","overlay-type":"","overlay-color":"","overlay-opacity":"","overlay-gradient":""}},"footnotes":""},"class_list":["post-173","page","type-page","status-publish","hentry"],"_links":{"self":[{"href":"https:\/\/junior1.ib6.pt\/index.php\/wp-json\/wp\/v2\/pages\/173"}],"collection":[{"href":"https:\/\/junior1.ib6.pt\/index.php\/wp-json\/wp\/v2\/pages"}],"about":[{"href":"https:\/\/junior1.ib6.pt\/index.php\/wp-json\/wp\/v2\/types\/page"}],"author":[{"embeddable":true,"href":"https:\/\/junior1.ib6.pt\/index.php\/wp-json\/wp\/v2\/users\/1"}],"replies":[{"embeddable":true,"href":"https:\/\/junior1.ib6.pt\/index.php\/wp-json\/wp\/v2\/comments?post=173"}],"version-history":[{"count":19,"href":"https:\/\/junior1.ib6.pt\/index.php\/wp-json\/wp\/v2\/pages\/173\/revisions"}],"predecessor-version":[{"id":364,"href":"https:\/\/junior1.ib6.pt\/index.php\/wp-json\/wp\/v2\/pages\/173\/revisions\/364"}],"wp:attachment":[{"href":"https:\/\/junior1.ib6.pt\/index.php\/wp-json\/wp\/v2\/media?parent=173"}],"curies":[{"name":"wp","href":"https:\/\/api.w.org\/{rel}","templated":true}]}}